{"id":2589,"date":"2022-02-15T20:12:39","date_gmt":"2022-02-15T20:12:39","guid":{"rendered":"https:\/\/heurekaestudio.com\/?post_type=product&#038;p=2589"},"modified":"2025-02-07T04:51:56","modified_gmt":"2025-02-07T04:51:56","slug":"logotipo-compuesto","status":"publish","type":"product","link":"https:\/\/heurekaestudio.co\/nuevo\/tienda\/logotipo-compuesto\/","title":{"rendered":"<font size=4>Logotipo Compuesto<\/font>"},"content":{"rendered":"<div class=\"_df_book df-lite\" id=\"df_2607\"  _slug=\"logotipo-compuesto\" data-title=\"logotipo-compuesto\" wpoptions=\"true\" thumb=\"https:\/\/heurekaestudio.co\/nuevo\/wp-content\/uploads\/2022\/02\/Logotipo-Basico.jpg\" thumbtype=\"\" ><\/div><script class=\"df-shortcode-script\" nowprocket type=\"application\/javascript\">window.option_df_2607 = {\"outline\":[],\"backgroundColor\":\"#f7ab16\",\"autoEnableOutline\":\"false\",\"autoEnableThumbnail\":\"false\",\"overwritePDFOutline\":\"false\",\"enableDownload\":\"false\",\"direction\":\"1\",\"pageSize\":\"0\",\"pageMode\":\"2\",\"source\":\"https:\\\/\\\/heurekaestudio.co\\\/nuevo\\\/wp-content\\\/uploads\\\/2022\\\/02\\\/Logotipo-Compuesto.pdf\",\"wpOptions\":\"true\"}; if(window.DFLIP && window.DFLIP.parseBooks){window.DFLIP.parseBooks();}<\/script>\n<p>Incluye:<\/p>\n<ul>\n<li>Tres (3) propuestas conceptuales.<\/li>\n<li>Un (1) archivo en formato Pdf con el manual de uso del logotipo.<\/li>\n<li>Un (1) archivo en formato Ai con la maquetaci\u00f3n del logotipo.<\/li>\n<li>Un (1) archivo en formato Ai de las tarjetas de presentaci\u00f3n (1 nombre) (nombre adicional \u00bb $20.000).<\/li>\n<li>Un (1) archivo en formato Jpg (perfil de redes sociales).<\/li>\n<li>Un (1) archivo en formato Png (logotipo a color sin fondo, posici\u00f3n vertical).<\/li>\n<li>Un (1) archivo en formato Png (logotipo a color sin fondo, posici\u00f3n horizontal).<\/li>\n<li>Un (1) archivo en formato Png (logotipo monocromo negro sin fondo, posici\u00f3n vertical).<\/li>\n<li>Un (1) archivo en formato Png (logotipo monocromo negro sin fondo, posici\u00f3n horizontal).<\/li>\n<li>Un (1) archivo en formato Png (logotipo monocromo blanco sin fondo, posici\u00f3n vertical).<\/li>\n<li>Un (1) archivo en formato Png (logotipo monocromo blanco sin fondo, posici\u00f3n horizontal).<\/li>\n<\/ul>\n<p>Nota: Existen logotipos con una sola posici\u00f3n (vertical u horizontal) para lo cu\u00e1l se enviar\u00e1n los archivos Png en esa posici\u00f3n a color, negro y blanco.<\/p>\n","protected":false},"excerpt":{"rendered":"<p>Abre nuevos mercados.<\/p>\n<p>Usa a tu favor el impacto de las redes sociales para comunicar un mensaje que haga recordar tu marca y convierte a tu audiencia en tu comunidad digital, generando prospectos y ampliando las oportunidades de ventas.<\/p>\n<p>Desliza hasta la descripci\u00f3n para obtener m\u00e1s informaci\u00f3n sobre lo que incluye este pack.<\/p>\n<div class=\"readmore\"><a class=\"btn-link\" href=\"https:\/\/heurekaestudio.co\/nuevo\/tienda\/logotipo-compuesto\/\">Read more<\/a><\/div>\n","protected":false},"featured_media":2619,"comment_status":"open","ping_status":"closed","template":"","meta":{"inline_featured_image":false},"product_brand":[],"product_cat":[52],"product_tag":[78,79,80],"class_list":{"0":"post-2589","1":"product","2":"type-product","3":"status-publish","4":"has-post-thumbnail","6":"product_cat-diseno","7":"product_tag-design","8":"product_tag-diseno","9":"product_tag-logotipo","11":"first","12":"instock","13":"virtual","14":"purchasable","15":"product-type-simple"},"jetpack_sharing_enabled":true,"_links":{"self":[{"href":"https:\/\/heurekaestudio.co\/nuevo\/wp-json\/wp\/v2\/product\/2589","targetHints":{"allow":["GET"]}}],"collection":[{"href":"https:\/\/heurekaestudio.co\/nuevo\/wp-json\/wp\/v2\/product"}],"about":[{"href":"https:\/\/heurekaestudio.co\/nuevo\/wp-json\/wp\/v2\/types\/product"}],"replies":[{"embeddable":true,"href":"https:\/\/heurekaestudio.co\/nuevo\/wp-json\/wp\/v2\/comments?post=2589"}],"wp:featuredmedia":[{"embeddable":true,"href":"https:\/\/heurekaestudio.co\/nuevo\/wp-json\/wp\/v2\/media\/2619"}],"wp:attachment":[{"href":"https:\/\/heurekaestudio.co\/nuevo\/wp-json\/wp\/v2\/media?parent=2589"}],"wp:term":[{"taxonomy":"product_brand","embeddable":true,"href":"https:\/\/heurekaestudio.co\/nuevo\/wp-json\/wp\/v2\/product_brand?post=2589"},{"taxonomy":"product_cat","embeddable":true,"href":"https:\/\/heurekaestudio.co\/nuevo\/wp-json\/wp\/v2\/product_cat?post=2589"},{"taxonomy":"product_tag","embeddable":true,"href":"https:\/\/heurekaestudio.co\/nuevo\/wp-json\/wp\/v2\/product_tag?post=2589"}],"curies":[{"name":"wp","href":"https:\/\/api.w.org\/{rel}","templated":true}]}}