{"id":2588,"date":"2022-02-15T18:42:03","date_gmt":"2022-02-15T18:42:03","guid":{"rendered":"https:\/\/heurekaestudio.com\/?post_type=product&#038;p=2588"},"modified":"2022-02-15T22:15:47","modified_gmt":"2022-02-15T22:15:47","slug":"logotipo-basico","status":"publish","type":"product","link":"https:\/\/heurekaestudio.co\/nuevo\/tienda\/logotipo-basico\/","title":{"rendered":"<font size=4>Logotipo B\u00e1sico<\/font>"},"content":{"rendered":"<div class=\"_df_book df-lite\" id=\"df_2597\"  _slug=\"logotipo-basico\" data-title=\"logotipo-basico\" wpoptions=\"true\" thumb=\"https:\/\/heurekaestudio.co\/nuevo\/wp-content\/uploads\/2022\/02\/Logotipo-Basico.jpg\" thumbtype=\"\" ><\/div><script class=\"df-shortcode-script\" nowprocket type=\"application\/javascript\">window.option_df_2597 = {\"outline\":[],\"backgroundColor\":\"#f7ab16\",\"autoEnableOutline\":\"false\",\"autoEnableThumbnail\":\"false\",\"overwritePDFOutline\":\"false\",\"enableDownload\":\"false\",\"direction\":\"1\",\"pageSize\":\"0\",\"pageMode\":\"2\",\"source\":\"https:\\\/\\\/heurekaestudio.co\\\/nuevo\\\/wp-content\\\/uploads\\\/2022\\\/02\\\/Logotipo-Basico.pdf\",\"wpOptions\":\"true\"}; if(window.DFLIP && window.DFLIP.parseBooks){window.DFLIP.parseBooks();}<\/script>\n<p>Incluye:<\/p>\n<ul>\n<li>Una (1) propuesta conceptual.<\/li>\n<li>Un (1) archivo en formato Pdf con el manual de uso del logotipo.<\/li>\n<li>Un (1) archivo en formato Ai con la maquetaci\u00f3n del logotipo.<\/li>\n<li>Un (1) archivo en formato Jpg (perfil de redes sociales).<\/li>\n<li>Un (1) archivo en formato Png (logotipo a color sin fondo, posici\u00f3n vertical).<\/li>\n<li>Un (1) archivo en formato Png (logotipo a color sin fondo, posici\u00f3n horizontal).<\/li>\n<li>Un (1) archivo en formato Png (logotipo monocromo negro sin fondo, posici\u00f3n vertical).<\/li>\n<li>Un (1) archivo en formato Png (logotipo monocromo negro sin fondo, posici\u00f3n horizontal).<\/li>\n<li>Un (1) archivo en formato Png (logotipo monocromo blanco sin fondo, posici\u00f3n vertical).<\/li>\n<li>Un (1) archivo en formato Png (logotipo monocromo blanco sin fondo, posici\u00f3n horizontal).<\/li>\n<\/ul>\n<p>Nota: Existen logotipos con una sola posici\u00f3n (vertical u horizontal) para lo cu\u00e1l se enviar\u00e1n los archivos Png en esa posici\u00f3n a color, negro y blanco.<\/p>\n","protected":false},"excerpt":{"rendered":"<p>Inicia tu proceso de transformaci\u00f3n digital.<\/p>\n<p>El primer paso para construir tu marca es la conceptualizaci\u00f3n de la misma y como eso se refleja gr\u00e1ficamente. Con nuestra ayuda podr\u00e1s tener un logotipo que se ajuste a ese concepto que representa fielmente tu marca.<\/p>\n<p>Compra ahora el dise\u00f1o de tu logotipo y te contactar\u00e9mos para afinar los detalles.<\/p>\n<div class=\"readmore\"><a class=\"btn-link\" href=\"https:\/\/heurekaestudio.co\/nuevo\/tienda\/logotipo-basico\/\">Read more<\/a><\/div>\n","protected":false},"featured_media":2591,"comment_status":"open","ping_status":"closed","template":"","meta":{"inline_featured_image":false},"product_brand":[],"product_cat":[52],"product_tag":[78,79,80],"class_list":{"0":"post-2588","1":"product","2":"type-product","3":"status-publish","4":"has-post-thumbnail","6":"product_cat-diseno","7":"product_tag-design","8":"product_tag-diseno","9":"product_tag-logotipo","11":"first","12":"instock","13":"virtual","14":"purchasable","15":"product-type-simple"},"jetpack_sharing_enabled":true,"_links":{"self":[{"href":"https:\/\/heurekaestudio.co\/nuevo\/wp-json\/wp\/v2\/product\/2588","targetHints":{"allow":["GET"]}}],"collection":[{"href":"https:\/\/heurekaestudio.co\/nuevo\/wp-json\/wp\/v2\/product"}],"about":[{"href":"https:\/\/heurekaestudio.co\/nuevo\/wp-json\/wp\/v2\/types\/product"}],"replies":[{"embeddable":true,"href":"https:\/\/heurekaestudio.co\/nuevo\/wp-json\/wp\/v2\/comments?post=2588"}],"wp:featuredmedia":[{"embeddable":true,"href":"https:\/\/heurekaestudio.co\/nuevo\/wp-json\/wp\/v2\/media\/2591"}],"wp:attachment":[{"href":"https:\/\/heurekaestudio.co\/nuevo\/wp-json\/wp\/v2\/media?parent=2588"}],"wp:term":[{"taxonomy":"product_brand","embeddable":true,"href":"https:\/\/heurekaestudio.co\/nuevo\/wp-json\/wp\/v2\/product_brand?post=2588"},{"taxonomy":"product_cat","embeddable":true,"href":"https:\/\/heurekaestudio.co\/nuevo\/wp-json\/wp\/v2\/product_cat?post=2588"},{"taxonomy":"product_tag","embeddable":true,"href":"https:\/\/heurekaestudio.co\/nuevo\/wp-json\/wp\/v2\/product_tag?post=2588"}],"curies":[{"name":"wp","href":"https:\/\/api.w.org\/{rel}","templated":true}]}}