{"id":2527,"date":"2022-01-06T01:43:50","date_gmt":"2022-01-06T01:43:50","guid":{"rendered":"https:\/\/heurekaestudio.com\/?post_type=product&#038;p=2527"},"modified":"2022-02-15T21:36:00","modified_gmt":"2022-02-15T21:36:00","slug":"pack-posicionamiento","status":"publish","type":"product","link":"https:\/\/heurekaestudio.co\/nuevo\/tienda\/pack-posicionamiento\/","title":{"rendered":"<font size=4>Posicionamiento<\/font>"},"content":{"rendered":"<p>Incluye:<\/p>\n<ul>\n<li>Cuatro (4) piezas audiovisuales animadas.<\/li>\n<li>Cuatro (4) campa\u00f1as de FB Ads.<\/li>\n<li>Presupuesto de $400.000 para anuncios.<\/li>\n<\/ul>\n","protected":false},"excerpt":{"rendered":"<p>Abre nuevos mercados.<\/p>\n<p>Usa a tu favor el impacto de las redes sociales para comunicar un mensaje que haga recordar tu marca y convierte a tu audiencia en tu comunidad digital, generando prospectos y ampliando las oportunidades de ventas.<\/p>\n<p>Desliza hasta la descripci\u00f3n para obtener m\u00e1s informaci\u00f3n sobre lo que incluye este pack.<\/p>\n<div class=\"readmore\"><a class=\"btn-link\" href=\"https:\/\/heurekaestudio.co\/nuevo\/tienda\/pack-posicionamiento\/\">Read more<\/a><\/div>\n","protected":false},"featured_media":2548,"comment_status":"open","ping_status":"closed","template":"","meta":{"inline_featured_image":false},"product_brand":[],"product_cat":[54],"product_tag":[65,84,64,83,81,63,62],"class_list":{"0":"post-2527","1":"product","2":"type-product","3":"status-publish","4":"has-post-thumbnail","6":"product_cat-redes-sociales","7":"product_tag-ads","8":"product_tag-anuncios","9":"product_tag-facebook","10":"product_tag-facebook-buseiness","11":"product_tag-instagram","12":"product_tag-redes-sociales","13":"product_tag-social-media","15":"first","16":"instock","17":"virtual","18":"purchasable","19":"product-type-simple"},"jetpack_sharing_enabled":true,"_links":{"self":[{"href":"https:\/\/heurekaestudio.co\/nuevo\/wp-json\/wp\/v2\/product\/2527","targetHints":{"allow":["GET"]}}],"collection":[{"href":"https:\/\/heurekaestudio.co\/nuevo\/wp-json\/wp\/v2\/product"}],"about":[{"href":"https:\/\/heurekaestudio.co\/nuevo\/wp-json\/wp\/v2\/types\/product"}],"replies":[{"embeddable":true,"href":"https:\/\/heurekaestudio.co\/nuevo\/wp-json\/wp\/v2\/comments?post=2527"}],"wp:featuredmedia":[{"embeddable":true,"href":"https:\/\/heurekaestudio.co\/nuevo\/wp-json\/wp\/v2\/media\/2548"}],"wp:attachment":[{"href":"https:\/\/heurekaestudio.co\/nuevo\/wp-json\/wp\/v2\/media?parent=2527"}],"wp:term":[{"taxonomy":"product_brand","embeddable":true,"href":"https:\/\/heurekaestudio.co\/nuevo\/wp-json\/wp\/v2\/product_brand?post=2527"},{"taxonomy":"product_cat","embeddable":true,"href":"https:\/\/heurekaestudio.co\/nuevo\/wp-json\/wp\/v2\/product_cat?post=2527"},{"taxonomy":"product_tag","embeddable":true,"href":"https:\/\/heurekaestudio.co\/nuevo\/wp-json\/wp\/v2\/product_tag?post=2527"}],"curies":[{"name":"wp","href":"https:\/\/api.w.org\/{rel}","templated":true}]}}