{"id":2524,"date":"2022-01-06T01:32:48","date_gmt":"2022-01-06T01:32:48","guid":{"rendered":"https:\/\/heurekaestudio.com\/?post_type=product&#038;p=2524"},"modified":"2026-01-26T16:40:50","modified_gmt":"2026-01-26T16:40:50","slug":"pack-sitio-web","status":"publish","type":"product","link":"https:\/\/heurekaestudio.co\/nuevo\/tienda\/pack-sitio-web\/","title":{"rendered":"<font size=4>Sitio Web<\/font>"},"content":{"rendered":"<p>Incluye:<\/p>\n<ul>\n<li>Hosting 1Gb<\/li>\n<li>Dominio nuevo (.com).<\/li>\n<li>Desarrollado en WordPress.<\/li>\n<li>Compuesto por cuatro (4) p\u00e1ginas.\n<ul>\n<li><em>No incluye la plantilla de WordPress.<\/em><\/li>\n<\/ul>\n<\/li>\n<\/ul>\n","protected":false},"excerpt":{"rendered":"<p>Mu\u00e9strate al mundo.<\/p>\n<p>Da a conocer todo lo que tienes para ofrecer de una manera atractiva y din\u00e1mica ganando reconocimiento en el \u00e1mbito digital y captando la atenci\u00f3n de tu p\u00fablico objetivo.<\/p>\n<p>Desliza hasta la descripci\u00f3n para obtener m\u00e1s informaci\u00f3n sobre lo que incluye este pack.<\/p>\n<div class=\"readmore\"><a class=\"btn-link\" href=\"https:\/\/heurekaestudio.co\/nuevo\/tienda\/pack-sitio-web\/\">Read more<\/a><\/div>\n","protected":false},"featured_media":3499,"comment_status":"open","ping_status":"closed","template":"","meta":{"inline_featured_image":false},"product_brand":[],"product_cat":[53],"product_tag":[65,64,63,62],"class_list":{"0":"post-2524","1":"product","2":"type-product","3":"status-publish","4":"has-post-thumbnail","6":"product_cat-web","7":"product_tag-ads","8":"product_tag-facebook","9":"product_tag-redes-sociales","10":"product_tag-social-media","12":"first","13":"instock","14":"virtual","15":"purchasable","16":"product-type-simple"},"jetpack_sharing_enabled":true,"_links":{"self":[{"href":"https:\/\/heurekaestudio.co\/nuevo\/wp-json\/wp\/v2\/product\/2524","targetHints":{"allow":["GET"]}}],"collection":[{"href":"https:\/\/heurekaestudio.co\/nuevo\/wp-json\/wp\/v2\/product"}],"about":[{"href":"https:\/\/heurekaestudio.co\/nuevo\/wp-json\/wp\/v2\/types\/product"}],"replies":[{"embeddable":true,"href":"https:\/\/heurekaestudio.co\/nuevo\/wp-json\/wp\/v2\/comments?post=2524"}],"wp:featuredmedia":[{"embeddable":true,"href":"https:\/\/heurekaestudio.co\/nuevo\/wp-json\/wp\/v2\/media\/3499"}],"wp:attachment":[{"href":"https:\/\/heurekaestudio.co\/nuevo\/wp-json\/wp\/v2\/media?parent=2524"}],"wp:term":[{"taxonomy":"product_brand","embeddable":true,"href":"https:\/\/heurekaestudio.co\/nuevo\/wp-json\/wp\/v2\/product_brand?post=2524"},{"taxonomy":"product_cat","embeddable":true,"href":"https:\/\/heurekaestudio.co\/nuevo\/wp-json\/wp\/v2\/product_cat?post=2524"},{"taxonomy":"product_tag","embeddable":true,"href":"https:\/\/heurekaestudio.co\/nuevo\/wp-json\/wp\/v2\/product_tag?post=2524"}],"curies":[{"name":"wp","href":"https:\/\/api.w.org\/{rel}","templated":true}]}}