{"id":2501,"date":"2022-01-05T16:58:11","date_gmt":"2022-01-05T16:58:11","guid":{"rendered":"https:\/\/heurekaestudio.com\/?post_type=product&#038;p=2501"},"modified":"2022-02-15T21:33:53","modified_gmt":"2022-02-15T21:33:53","slug":"pack-empresa","status":"publish","type":"product","link":"https:\/\/heurekaestudio.co\/nuevo\/tienda\/pack-empresa\/","title":{"rendered":"<font size=4>Empresa<\/font>"},"content":{"rendered":"<p>Incluye:<\/p>\n<ul>\n<li>\u2022 Estrategia digital para una (1) marca comercial.<\/li>\n<li>Dieciocho (18) piezas gr\u00e1ficas tipo post.<\/li>\n<li>Cuatro (4) piezas audiovisuales b\u00e1sicas.<\/li>\n<li>Cuatro (4) piezas audiovisuales animadas.<\/li>\n<li>Cuatro (4) campa\u00f1as de FB Ads.<\/li>\n<li>Presupuesto de $400.000 para campa\u00f1as FB Ads.<\/li>\n<\/ul>\n","protected":false},"excerpt":{"rendered":"<p>Crea nuevas experiencias para tus clientes, consolida tu liderazgo en el mercado y ampl\u00eda los canales de atenci\u00f3n al cliente al tiempo que presentas tu oferta comercial y la forma en la que puedes dar soluci\u00f3n a las necesidades de tu audiencia.<\/p>\n<p>Desliza hasta la descripci\u00f3n para obtener m\u00e1s informaci\u00f3n sobre lo que incluye este pack.<\/p>\n<div class=\"readmore\"><a class=\"btn-link\" href=\"https:\/\/heurekaestudio.co\/nuevo\/tienda\/pack-empresa\/\">Read more<\/a><\/div>\n","protected":false},"featured_media":2542,"comment_status":"open","ping_status":"closed","template":"","meta":{"inline_featured_image":false},"product_brand":[],"product_cat":[54],"product_tag":[64,81,63,62],"class_list":{"0":"post-2501","1":"product","2":"type-product","3":"status-publish","4":"has-post-thumbnail","6":"product_cat-redes-sociales","7":"product_tag-facebook","8":"product_tag-instagram","9":"product_tag-redes-sociales","10":"product_tag-social-media","12":"first","13":"instock","14":"virtual","15":"purchasable","16":"product-type-simple"},"jetpack_sharing_enabled":true,"_links":{"self":[{"href":"https:\/\/heurekaestudio.co\/nuevo\/wp-json\/wp\/v2\/product\/2501","targetHints":{"allow":["GET"]}}],"collection":[{"href":"https:\/\/heurekaestudio.co\/nuevo\/wp-json\/wp\/v2\/product"}],"about":[{"href":"https:\/\/heurekaestudio.co\/nuevo\/wp-json\/wp\/v2\/types\/product"}],"replies":[{"embeddable":true,"href":"https:\/\/heurekaestudio.co\/nuevo\/wp-json\/wp\/v2\/comments?post=2501"}],"wp:featuredmedia":[{"embeddable":true,"href":"https:\/\/heurekaestudio.co\/nuevo\/wp-json\/wp\/v2\/media\/2542"}],"wp:attachment":[{"href":"https:\/\/heurekaestudio.co\/nuevo\/wp-json\/wp\/v2\/media?parent=2501"}],"wp:term":[{"taxonomy":"product_brand","embeddable":true,"href":"https:\/\/heurekaestudio.co\/nuevo\/wp-json\/wp\/v2\/product_brand?post=2501"},{"taxonomy":"product_cat","embeddable":true,"href":"https:\/\/heurekaestudio.co\/nuevo\/wp-json\/wp\/v2\/product_cat?post=2501"},{"taxonomy":"product_tag","embeddable":true,"href":"https:\/\/heurekaestudio.co\/nuevo\/wp-json\/wp\/v2\/product_tag?post=2501"}],"curies":[{"name":"wp","href":"https:\/\/api.w.org\/{rel}","templated":true}]}}