{"id":2489,"date":"2021-12-30T19:12:05","date_gmt":"2021-12-30T19:12:05","guid":{"rendered":"https:\/\/heurekaestudio.com\/?post_type=product&#038;p=2489"},"modified":"2022-02-15T21:33:09","modified_gmt":"2022-02-15T21:33:09","slug":"pack-pyme","status":"publish","type":"product","link":"https:\/\/heurekaestudio.co\/nuevo\/tienda\/pack-pyme\/","title":{"rendered":"<font size=4>Pyme<\/font>"},"content":{"rendered":"<p>Incluye:<\/p>\n<ul>\n<li>\u2022 Estrategia digital para una (1) marca comercial.<\/li>\n<li>Nueve (9) piezas gr\u00e1ficas tipo post.<\/li>\n<li>Dos (2) piezas audiovisuales b\u00e1sicas.<\/li>\n<li>Dos (2) piezas audiovisuales animadas.<\/li>\n<li>Dos (2) campa\u00f1as de FB Ads.<\/li>\n<li>Presupuesto de $200.000 para campa\u00f1as de FB Ads.<\/li>\n<\/ul>\n","protected":false},"excerpt":{"rendered":"<p>Haz crecer tu empresa, fideliza a tus clientes y aumenta tus oportunidades de venta con nuestro pack pyme dise\u00f1ado para escalar tu negocio en el mundo digital.<\/p>\n<p>Compra ahora y obt\u00e9n grandes beneficios para tu marca comercial.<\/p>\n<p>Desliza hasta la descripci\u00f3n para obtener m\u00e1s informaci\u00f3n sobre lo que incluye este pack.<\/p>\n<div class=\"readmore\"><a class=\"btn-link\" href=\"https:\/\/heurekaestudio.co\/nuevo\/tienda\/pack-pyme\/\">Read more<\/a><\/div>\n","protected":false},"featured_media":2540,"comment_status":"open","ping_status":"closed","template":"","meta":{"inline_featured_image":false},"product_brand":[],"product_cat":[54],"product_tag":[64,81,63,62],"class_list":{"0":"post-2489","1":"product","2":"type-product","3":"status-publish","4":"has-post-thumbnail","6":"product_cat-redes-sociales","7":"product_tag-facebook","8":"product_tag-instagram","9":"product_tag-redes-sociales","10":"product_tag-social-media","12":"first","13":"instock","14":"virtual","15":"purchasable","16":"product-type-simple"},"jetpack_sharing_enabled":true,"_links":{"self":[{"href":"https:\/\/heurekaestudio.co\/nuevo\/wp-json\/wp\/v2\/product\/2489","targetHints":{"allow":["GET"]}}],"collection":[{"href":"https:\/\/heurekaestudio.co\/nuevo\/wp-json\/wp\/v2\/product"}],"about":[{"href":"https:\/\/heurekaestudio.co\/nuevo\/wp-json\/wp\/v2\/types\/product"}],"replies":[{"embeddable":true,"href":"https:\/\/heurekaestudio.co\/nuevo\/wp-json\/wp\/v2\/comments?post=2489"}],"wp:featuredmedia":[{"embeddable":true,"href":"https:\/\/heurekaestudio.co\/nuevo\/wp-json\/wp\/v2\/media\/2540"}],"wp:attachment":[{"href":"https:\/\/heurekaestudio.co\/nuevo\/wp-json\/wp\/v2\/media?parent=2489"}],"wp:term":[{"taxonomy":"product_brand","embeddable":true,"href":"https:\/\/heurekaestudio.co\/nuevo\/wp-json\/wp\/v2\/product_brand?post=2489"},{"taxonomy":"product_cat","embeddable":true,"href":"https:\/\/heurekaestudio.co\/nuevo\/wp-json\/wp\/v2\/product_cat?post=2489"},{"taxonomy":"product_tag","embeddable":true,"href":"https:\/\/heurekaestudio.co\/nuevo\/wp-json\/wp\/v2\/product_tag?post=2489"}],"curies":[{"name":"wp","href":"https:\/\/api.w.org\/{rel}","templated":true}]}}