{"id":2439,"date":"2026-04-24T16:03:06","date_gmt":"2026-04-24T21:03:06","guid":{"rendered":"https:\/\/heurekaestudio.co\/2026\/?page_id=2439"},"modified":"2026-04-27T13:45:49","modified_gmt":"2026-04-27T18:45:49","slug":"inicio","status":"publish","type":"page","link":"https:\/\/heurekaestudio.co\/2026\/","title":{"rendered":"Inicio"},"content":{"rendered":"\t\t<div data-elementor-type=\"wp-page\" data-elementor-id=\"2439\" class=\"elementor elementor-2439\">\n\t\t\t\t\t\t<section class=\"elementor-section elementor-top-section elementor-element elementor-element-dd83bc2 elementor-section-full_width elementor-section-height-default elementor-section-height-default\" data-id=\"dd83bc2\" data-element_type=\"section\" data-e-type=\"section\">\n\t\t\t\t\t\t\t<div class=\"elementor-background-overlay\"><\/div>\n\t\t\t\t\t\t\t<div class=\"elementor-container elementor-column-gap-no\">\n\t\t\t\t\t<div class=\"elementor-column elementor-col-100 elementor-top-column elementor-element elementor-element-e2f3d0b\" data-id=\"e2f3d0b\" data-element_type=\"column\" data-e-type=\"column\">\n\t\t\t<div class=\"elementor-widget-wrap elementor-element-populated\">\n\t\t\t\t\t\t<div class=\"elementor-element elementor-element-32d44e6 elementor-widget elementor-widget-oblo-main-slider\" data-id=\"32d44e6\" data-element_type=\"widget\" data-e-type=\"widget\" data-widget_type=\"oblo-main-slider.default\">\n\t\t\t\t<div class=\"elementor-widget-container\">\n\t\t\t\t\t\n\t\t\t\t<!-- Section Hero Main Slider -->\n\t\t<div class=\"section hero-main-slider\">\n\t\t\t<div class=\"swiper-container\" data-mousewheel=\"true\" data-autoplay=\"6000\">\n\t\t\t\t<div class=\"swiper-wrapper\">\n\t\t\t\t\t\t\t\t\t\t<div class=\"swiper-slide\" data-swiper-autoplay>\n\t\t\t\t\t\t\t\t\t\t\t\t\t\t\t\t\t\t<!-- image -->\n\t\t\t\t\t\t<div class=\"slide\" style=\"background-image: url(https:\/\/heurekaestudio.co\/2026\/wp-content\/uploads\/2026\/04\/1.-Tivox.webp);\" data-dimg=\"https:\/\/heurekaestudio.co\/2026\/wp-content\/uploads\/2026\/04\/1.-Tivox.webp\" data-mimg=\"https:\/\/heurekaestudio.co\/2026\/wp-content\/uploads\/2026\/04\/1.-Tivox_mobile.webp\">\n\t\t\t\t\t\t<\/div>\n\t\t\t\t\t\t\t\t\t\t\t\t\t\t\t\t\t\t\t\t\t\t\t\t\n\t\t\t\t\t\t<!-- slide titles -->\n\t\t\t\t\t\t<div class=\"slide-titles\">\n\t\t\t\t\t\t\t<div class=\"row\">\n\t\t\t\t\t\t\t\t<div class=\"col-xs-12 col-sm-12 col-md-12 col-lg-12\">\n\n\t\t\t\t\t\t\t\t\t<!-- title -->\n\t\t\t\t\t\t\t\t\t<div class=\"titles\">\n\t\t\t\t\t\t\t\t\t\t\t\t\t\t\t\t\t\t\t\t<div class=\"label scrolla-element-anim-1\">\n\t\t\t\t\t\t\t\t\t\t\t<span >\n\t\t\t\t\t\t    \t\t\t\t\tTecnolog\u00eda\t\t\t\t\t\t    \t\t\t\t<\/span>\n\t\t\t\t\t\t\t\t\t\t<\/div>\n\t\t\t\t\t\t\t\t\t\t\t\t\t\t\t\t\t\t\t\t\t\t\t\t\t\t\t\t\t\t<div class=\"title\">\n\t\t\t\t\t\t\t\t\t\t\t<span class=\"title-inner splitting-text-anim-2\" data-splitting>\n\t\t\t\t\t\t\t\t\t\t\t\t<span >\n\t\t\t\t\t    \t\t\t\t\t\t\tHecho para tu <br>forma de pensar\t\t\t\t\t    \t\t\t\t\t\t<\/span>\n\t\t\t\t\t\t\t\t\t\t\t<\/span>\n\t\t\t\t\t\t\t\t\t\t<\/div>\n\t\t\t\t\t\t\t\t\t\t\t\t\t\t\t\t\t\t\t\t\t\t\t\t\t\t\t\t\t\t<div class=\"subtitle scrolla-element-anim-1\">\n\t\t\t\t\t\t\t\t\t\t\t<span >\n\t\t\t\t\t\t    \t\t\t\t\tIA y sistemas que se adaptan a tu operaci\u00f3n, no al rev\u00e9s.\t\t\t\t\t\t    \t\t\t\t<\/span>\n\t\t\t\t\t\t\t\t\t\t<\/div>\n\t\t\t\t\t\t\t\t\t\t\t\t\t\t\t\t\t\t\t<\/div>\n\n\t\t\t\t\t\t\t\t\t\n\t\t\t\t\t\t\t\t<\/div>\n\t\t\t\t\t\t\t<\/div>\n\t\t\t\t\t\t<\/div>\n\n\t\t\t\t\t<\/div>\n\t\t\t\t\t\t\t\t\t\t<div class=\"swiper-slide\" data-swiper-autoplay>\n\t\t\t\t\t\t\t\t\t\t\t\t\t\t\t\t\t\t<!-- image -->\n\t\t\t\t\t\t<div class=\"slide\" style=\"background-image: url(https:\/\/heurekaestudio.co\/2026\/wp-content\/uploads\/2026\/04\/2.-Fotografia.webp);\" data-dimg=\"https:\/\/heurekaestudio.co\/2026\/wp-content\/uploads\/2026\/04\/2.-Fotografia.webp\" data-mimg=\"https:\/\/heurekaestudio.co\/2026\/wp-content\/uploads\/2026\/04\/2.-Fotografia_mobile.webp\">\n\t\t\t\t\t\t<\/div>\n\t\t\t\t\t\t\t\t\t\t\t\t\t\t\t\t\t\t\t\t\t\t\t\t\n\t\t\t\t\t\t<!-- slide titles -->\n\t\t\t\t\t\t<div class=\"slide-titles\">\n\t\t\t\t\t\t\t<div class=\"row\">\n\t\t\t\t\t\t\t\t<div class=\"col-xs-12 col-sm-12 col-md-12 col-lg-12\">\n\n\t\t\t\t\t\t\t\t\t<!-- title -->\n\t\t\t\t\t\t\t\t\t<div class=\"titles\">\n\t\t\t\t\t\t\t\t\t\t\t\t\t\t\t\t\t\t\t\t<div class=\"label scrolla-element-anim-1\">\n\t\t\t\t\t\t\t\t\t\t\t<span >\n\t\t\t\t\t\t    \t\t\t\t\tFotograf\u00eda\t\t\t\t\t\t    \t\t\t\t<\/span>\n\t\t\t\t\t\t\t\t\t\t<\/div>\n\t\t\t\t\t\t\t\t\t\t\t\t\t\t\t\t\t\t\t\t\t\t\t\t\t\t\t\t\t\t<div class=\"title\">\n\t\t\t\t\t\t\t\t\t\t\t<span class=\"title-inner splitting-text-anim-2\" data-splitting>\n\t\t\t\t\t\t\t\t\t\t\t\t<span >\n\t\t\t\t\t    \t\t\t\t\t\t\tTu marca <br>sin artificios\t\t\t\t\t    \t\t\t\t\t\t<\/span>\n\t\t\t\t\t\t\t\t\t\t\t<\/span>\n\t\t\t\t\t\t\t\t\t\t<\/div>\n\t\t\t\t\t\t\t\t\t\t\t\t\t\t\t\t\t\t\t\t\t\t\t\t\t\t\t\t\t\t<div class=\"subtitle scrolla-element-anim-1\">\n\t\t\t\t\t\t\t\t\t\t\t<span >\n\t\t\t\t\t\t    \t\t\t\t\tIm\u00e1genes que proyectan confianza real en cada interacci\u00f3n.\t\t\t\t\t\t    \t\t\t\t<\/span>\n\t\t\t\t\t\t\t\t\t\t<\/div>\n\t\t\t\t\t\t\t\t\t\t\t\t\t\t\t\t\t\t\t<\/div>\n\n\t\t\t\t\t\t\t\t\t\n\t\t\t\t\t\t\t\t<\/div>\n\t\t\t\t\t\t\t<\/div>\n\t\t\t\t\t\t<\/div>\n\n\t\t\t\t\t<\/div>\n\t\t\t\t\t\t\t\t\t\t<div class=\"swiper-slide\" data-swiper-autoplay>\n\t\t\t\t\t\t\t\t\t\t\t\t\t\t\t\t\t\t<!-- image -->\n\t\t\t\t\t\t<div class=\"slide\" style=\"background-image: url(https:\/\/heurekaestudio.co\/2026\/wp-content\/uploads\/2026\/04\/3.-Diseno.webp);\" data-dimg=\"https:\/\/heurekaestudio.co\/2026\/wp-content\/uploads\/2026\/04\/3.-Diseno.webp\" data-mimg=\"https:\/\/heurekaestudio.co\/2026\/wp-content\/uploads\/2026\/04\/3.-Diseno_mobile.webp\">\n\t\t\t\t\t\t<\/div>\n\t\t\t\t\t\t\t\t\t\t\t\t\t\t\t\t\t\t\t\t\t\t\t\t\n\t\t\t\t\t\t<!-- slide titles -->\n\t\t\t\t\t\t<div class=\"slide-titles\">\n\t\t\t\t\t\t\t<div class=\"row\">\n\t\t\t\t\t\t\t\t<div class=\"col-xs-12 col-sm-12 col-md-12 col-lg-12\">\n\n\t\t\t\t\t\t\t\t\t<!-- title -->\n\t\t\t\t\t\t\t\t\t<div class=\"titles\">\n\t\t\t\t\t\t\t\t\t\t\t\t\t\t\t\t\t\t\t\t<div class=\"label scrolla-element-anim-1\">\n\t\t\t\t\t\t\t\t\t\t\t<span >\n\t\t\t\t\t\t    \t\t\t\t\tDise\u00f1o\t\t\t\t\t\t    \t\t\t\t<\/span>\n\t\t\t\t\t\t\t\t\t\t<\/div>\n\t\t\t\t\t\t\t\t\t\t\t\t\t\t\t\t\t\t\t\t\t\t\t\t\t\t\t\t\t\t<div class=\"title\">\n\t\t\t\t\t\t\t\t\t\t\t<span class=\"title-inner splitting-text-anim-2\" data-splitting>\n\t\t\t\t\t\t\t\t\t\t\t\t<span >\n\t\t\t\t\t    \t\t\t\t\t\t\tNo es solo dise\u00f1o <br>es la percepci\u00f3n correcta\t\t\t\t\t    \t\t\t\t\t\t<\/span>\n\t\t\t\t\t\t\t\t\t\t\t<\/span>\n\t\t\t\t\t\t\t\t\t\t<\/div>\n\t\t\t\t\t\t\t\t\t\t\t\t\t\t\t\t\t\t\t\t\t\t\t\t\t\t\t\t\t\t<div class=\"subtitle scrolla-element-anim-1\">\n\t\t\t\t\t\t\t\t\t\t\t<span >\n\t\t\t\t\t\t    \t\t\t\t\tConstruimos marcas que se sienten antes de explicarse.\t\t\t\t\t\t    \t\t\t\t<\/span>\n\t\t\t\t\t\t\t\t\t\t<\/div>\n\t\t\t\t\t\t\t\t\t\t\t\t\t\t\t\t\t\t\t<\/div>\n\n\t\t\t\t\t\t\t\t\t\n\t\t\t\t\t\t\t\t<\/div>\n\t\t\t\t\t\t\t<\/div>\n\t\t\t\t\t\t<\/div>\n\n\t\t\t\t\t<\/div>\n\t\t\t\t\t\t\t\t\t\t<div class=\"swiper-slide\" data-swiper-autoplay>\n\t\t\t\t\t\t\t\t\t\t\t\t\t\t\t\t\t\t<!-- image -->\n\t\t\t\t\t\t<div class=\"slide\" style=\"background-image: url(https:\/\/heurekaestudio.co\/2026\/wp-content\/uploads\/2026\/04\/4.-Redes-sociales.webp);\" data-dimg=\"https:\/\/heurekaestudio.co\/2026\/wp-content\/uploads\/2026\/04\/4.-Redes-sociales.webp\" data-mimg=\"https:\/\/heurekaestudio.co\/2026\/wp-content\/uploads\/2026\/04\/4.-Redes-sociales_mobile.webp\">\n\t\t\t\t\t\t<\/div>\n\t\t\t\t\t\t\t\t\t\t\t\t\t\t\t\t\t\t\t\t\t\t\t\t\n\t\t\t\t\t\t<!-- slide titles -->\n\t\t\t\t\t\t<div class=\"slide-titles\">\n\t\t\t\t\t\t\t<div class=\"row\">\n\t\t\t\t\t\t\t\t<div class=\"col-xs-12 col-sm-12 col-md-12 col-lg-12\">\n\n\t\t\t\t\t\t\t\t\t<!-- title -->\n\t\t\t\t\t\t\t\t\t<div class=\"titles\">\n\t\t\t\t\t\t\t\t\t\t\t\t\t\t\t\t\t\t\t\t<div class=\"label scrolla-element-anim-1\">\n\t\t\t\t\t\t\t\t\t\t\t<span >\n\t\t\t\t\t\t    \t\t\t\t\tRedes Sociales\t\t\t\t\t\t    \t\t\t\t<\/span>\n\t\t\t\t\t\t\t\t\t\t<\/div>\n\t\t\t\t\t\t\t\t\t\t\t\t\t\t\t\t\t\t\t\t\t\t\t\t\t\t\t\t\t\t<div class=\"title\">\n\t\t\t\t\t\t\t\t\t\t\t<span class=\"title-inner splitting-text-anim-2\" data-splitting>\n\t\t\t\t\t\t\t\t\t\t\t\t<span >\n\t\t\t\t\t    \t\t\t\t\t\t\tDonde las marcas <br>conversan\t\t\t\t\t    \t\t\t\t\t\t<\/span>\n\t\t\t\t\t\t\t\t\t\t\t<\/span>\n\t\t\t\t\t\t\t\t\t\t<\/div>\n\t\t\t\t\t\t\t\t\t\t\t\t\t\t\t\t\t\t\t\t\t\t\t\t\t\t\t\t\t\t<div class=\"subtitle scrolla-element-anim-1\">\n\t\t\t\t\t\t\t\t\t\t\t<span >\n\t\t\t\t\t\t    \t\t\t\t\tContenido, gesti\u00f3n e IA que convierten interacci\u00f3n en relaci\u00f3n.\t\t\t\t\t\t    \t\t\t\t<\/span>\n\t\t\t\t\t\t\t\t\t\t<\/div>\n\t\t\t\t\t\t\t\t\t\t\t\t\t\t\t\t\t\t\t<\/div>\n\n\t\t\t\t\t\t\t\t\t\n\t\t\t\t\t\t\t\t<\/div>\n\t\t\t\t\t\t\t<\/div>\n\t\t\t\t\t\t<\/div>\n\n\t\t\t\t\t<\/div>\n\t\t\t\t\t\t\t\t\t\t<div class=\"swiper-slide\" data-swiper-autoplay>\n\t\t\t\t\t\t\t\t\t\t\t\t\t\t\t\t\t\t<!-- image -->\n\t\t\t\t\t\t<div class=\"slide\" style=\"background-image: url(https:\/\/heurekaestudio.co\/2026\/wp-content\/uploads\/2026\/04\/7.-Web.webp);\" data-dimg=\"https:\/\/heurekaestudio.co\/2026\/wp-content\/uploads\/2026\/04\/7.-Web.webp\" data-mimg=\"https:\/\/heurekaestudio.co\/2026\/wp-content\/uploads\/2026\/04\/7.-Web_mobile.webp\">\n\t\t\t\t\t\t<\/div>\n\t\t\t\t\t\t\t\t\t\t\t\t\t\t\t\t\t\t\t\t\t\t\t\t\n\t\t\t\t\t\t<!-- slide titles -->\n\t\t\t\t\t\t<div class=\"slide-titles\">\n\t\t\t\t\t\t\t<div class=\"row\">\n\t\t\t\t\t\t\t\t<div class=\"col-xs-12 col-sm-12 col-md-12 col-lg-12\">\n\n\t\t\t\t\t\t\t\t\t<!-- title -->\n\t\t\t\t\t\t\t\t\t<div class=\"titles\">\n\t\t\t\t\t\t\t\t\t\t\t\t\t\t\t\t\t\t\t\t<div class=\"label scrolla-element-anim-1\">\n\t\t\t\t\t\t\t\t\t\t\t<span >\n\t\t\t\t\t\t    \t\t\t\t\tWeb\t\t\t\t\t\t    \t\t\t\t<\/span>\n\t\t\t\t\t\t\t\t\t\t<\/div>\n\t\t\t\t\t\t\t\t\t\t\t\t\t\t\t\t\t\t\t\t\t\t\t\t\t\t\t\t\t\t<div class=\"title\">\n\t\t\t\t\t\t\t\t\t\t\t<span class=\"title-inner splitting-text-anim-2\" data-splitting>\n\t\t\t\t\t\t\t\t\t\t\t\t<span >\n\t\t\t\t\t    \t\t\t\t\t\t\tTu web <br>no es vitrina\t\t\t\t\t    \t\t\t\t\t\t<\/span>\n\t\t\t\t\t\t\t\t\t\t\t<\/span>\n\t\t\t\t\t\t\t\t\t\t<\/div>\n\t\t\t\t\t\t\t\t\t\t\t\t\t\t\t\t\t\t\t\t\t\t\t\t\t\t\t\t\t\t<div class=\"subtitle scrolla-element-anim-1\">\n\t\t\t\t\t\t\t\t\t\t\t<span >\n\t\t\t\t\t\t    \t\t\t\t\tEs un canal activo que atrae, responde y convierte.\t\t\t\t\t\t    \t\t\t\t<\/span>\n\t\t\t\t\t\t\t\t\t\t<\/div>\n\t\t\t\t\t\t\t\t\t\t\t\t\t\t\t\t\t\t\t<\/div>\n\n\t\t\t\t\t\t\t\t\t\n\t\t\t\t\t\t\t\t<\/div>\n\t\t\t\t\t\t\t<\/div>\n\t\t\t\t\t\t<\/div>\n\n\t\t\t\t\t<\/div>\n\t\t\t\t\t\t\t\t\t\t<div class=\"swiper-slide\" data-swiper-autoplay>\n\t\t\t\t\t\t\t\t\t\t\t\t\t\t\t\t\t\t<!-- image -->\n\t\t\t\t\t\t<div class=\"slide\" style=\"background-image: url(https:\/\/heurekaestudio.co\/2026\/wp-content\/uploads\/2026\/04\/5.-Anuncios.webp);\" data-dimg=\"https:\/\/heurekaestudio.co\/2026\/wp-content\/uploads\/2026\/04\/5.-Anuncios.webp\" data-mimg=\"https:\/\/heurekaestudio.co\/2026\/wp-content\/uploads\/2026\/04\/5.-Anuncios_mobile.webp\">\n\t\t\t\t\t\t<\/div>\n\t\t\t\t\t\t\t\t\t\t\t\t\t\t\t\t\t\t\t\t\t\t\t\t\n\t\t\t\t\t\t<!-- slide titles -->\n\t\t\t\t\t\t<div class=\"slide-titles\">\n\t\t\t\t\t\t\t<div class=\"row\">\n\t\t\t\t\t\t\t\t<div class=\"col-xs-12 col-sm-12 col-md-12 col-lg-12\">\n\n\t\t\t\t\t\t\t\t\t<!-- title -->\n\t\t\t\t\t\t\t\t\t<div class=\"titles\">\n\t\t\t\t\t\t\t\t\t\t\t\t\t\t\t\t\t\t\t\t<div class=\"label scrolla-element-anim-1\">\n\t\t\t\t\t\t\t\t\t\t\t<span >\n\t\t\t\t\t\t    \t\t\t\t\tAnuncios\t\t\t\t\t\t    \t\t\t\t<\/span>\n\t\t\t\t\t\t\t\t\t\t<\/div>\n\t\t\t\t\t\t\t\t\t\t\t\t\t\t\t\t\t\t\t\t\t\t\t\t\t\t\t\t\t\t<div class=\"title\">\n\t\t\t\t\t\t\t\t\t\t\t<span class=\"title-inner splitting-text-anim-2\" data-splitting>\n\t\t\t\t\t\t\t\t\t\t\t\t<span >\n\t\t\t\t\t    \t\t\t\t\t\t\tMenos clics vac\u00edos <br>m\u00e1s negocio\t\t\t\t\t    \t\t\t\t\t\t<\/span>\n\t\t\t\t\t\t\t\t\t\t\t<\/span>\n\t\t\t\t\t\t\t\t\t\t<\/div>\n\t\t\t\t\t\t\t\t\t\t\t\t\t\t\t\t\t\t\t\t\t\t\t\t\t\t\t\t\t\t<div class=\"subtitle scrolla-element-anim-1\">\n\t\t\t\t\t\t\t\t\t\t\t<span >\n\t\t\t\t\t\t    \t\t\t\t\tCampa\u00f1as que priorizan resultados, no m\u00e9tricas de vanidad.\t\t\t\t\t\t    \t\t\t\t<\/span>\n\t\t\t\t\t\t\t\t\t\t<\/div>\n\t\t\t\t\t\t\t\t\t\t\t\t\t\t\t\t\t\t\t<\/div>\n\n\t\t\t\t\t\t\t\t\t\n\t\t\t\t\t\t\t\t<\/div>\n\t\t\t\t\t\t\t<\/div>\n\t\t\t\t\t\t<\/div>\n\n\t\t\t\t\t<\/div>\n\t\t\t\t\t\t\t\t\t<\/div>\n\n\t\t\t\t<!-- pagination -->\n\t\t\t\t<div class=\"swiper-pagination scrolla-element-anim-1 scroll-animate\" data-animate=\"active\"><\/div>\n\n\t\t\t\t<!-- navigation -->\n\t\t\t\t<div class=\"swiper-buttons\">\n\t\t\t\t\t<div class=\"swiper-button-prev\"><\/div>\n\t\t\t\t\t<div class=\"swiper-button-next\"><\/div>\n\t\t\t\t<\/div>\n\n\t\t\t<\/div>\n\t\t<\/div>\n\t\t\n\t\t\t\t\t\t<\/div>\n\t\t\t\t<\/div>\n\t\t\t\t\t<\/div>\n\t\t<\/div>\n\t\t\t\t\t<\/div>\n\t\t<\/section>\n\t\t\t\t<\/div>\n\t\t","protected":false},"excerpt":{"rendered":"<p>Tecnolog\u00eda Hecho para tu forma de pensar IA y sistemas que se adaptan a tu operaci\u00f3n, no al rev\u00e9s. Fotograf\u00eda Tu marca sin artificios Im\u00e1genes que proyectan confianza real en cada interacci\u00f3n. Dise\u00f1o No es solo dise\u00f1o es la percepci\u00f3n correcta Construimos marcas que [&hellip;]<\/p>\n<div class=\"readmore\"><a class=\"btn-link\" href=\"https:\/\/heurekaestudio.co\/2026\/\">Read more<\/a><\/div>\n","protected":false},"author":1,"featured_media":0,"parent":0,"menu_order":0,"comment_status":"closed","ping_status":"closed","template":"template-layout-builder.php","meta":{"_acf_changed":false,"inline_featured_image":false,"footnotes":""},"class_list":["post-2439","page","type-page","status-publish","hentry"],"acf":[],"_links":{"self":[{"href":"https:\/\/heurekaestudio.co\/2026\/wp-json\/wp\/v2\/pages\/2439","targetHints":{"allow":["GET"]}}],"collection":[{"href":"https:\/\/heurekaestudio.co\/2026\/wp-json\/wp\/v2\/pages"}],"about":[{"href":"https:\/\/heurekaestudio.co\/2026\/wp-json\/wp\/v2\/types\/page"}],"author":[{"embeddable":true,"href":"https:\/\/heurekaestudio.co\/2026\/wp-json\/wp\/v2\/users\/1"}],"replies":[{"embeddable":true,"href":"https:\/\/heurekaestudio.co\/2026\/wp-json\/wp\/v2\/comments?post=2439"}],"version-history":[{"count":121,"href":"https:\/\/heurekaestudio.co\/2026\/wp-json\/wp\/v2\/pages\/2439\/revisions"}],"predecessor-version":[{"id":3193,"href":"https:\/\/heurekaestudio.co\/2026\/wp-json\/wp\/v2\/pages\/2439\/revisions\/3193"}],"wp:attachment":[{"href":"https:\/\/heurekaestudio.co\/2026\/wp-json\/wp\/v2\/media?parent=2439"}],"curies":[{"name":"wp","href":"https:\/\/api.w.org\/{rel}","templated":true}]}}